{"id":14,"date":"2025-01-30T13:57:33","date_gmt":"2025-01-30T12:57:33","guid":{"rendered":"https:\/\/pneumaticsgranvia.com\/?page_id=14"},"modified":"2025-04-28T10:18:43","modified_gmt":"2025-04-28T08:18:43","slug":"sobre-nosotros","status":"publish","type":"page","link":"https:\/\/pneumaticsgranvia.com\/es\/sobre-nosotros\/","title":{"rendered":"Sobre nosotros"},"content":{"rendered":"\t\t<div data-elementor-type=\"wp-page\" data-elementor-id=\"14\" class=\"elementor elementor-14\">\n\t\t\t\t<div class=\"elementor-element elementor-element-36427700 e-flex e-con-boxed wpr-particle-no wpr-jarallax-no wpr-parallax-no wpr-sticky-section-no wpr-equal-height-no e-con e-parent\" data-id=\"36427700\" data-element_type=\"container\" data-e-type=\"container\" data-settings=\"{&quot;background_background&quot;:&quot;classic&quot;}\">\n\t\t\t\t\t<div class=\"e-con-inner\">\n\t\t\t\t<div class=\"elementor-element elementor-element-1490f6b7 elementor-widget elementor-widget-heading\" data-id=\"1490f6b7\" data-element_type=\"widget\" data-e-type=\"widget\" data-widget_type=\"heading.default\">\n\t\t\t\t<div class=\"elementor-widget-container\">\n\t\t\t\t\t<h1 class=\"elementor-heading-title elementor-size-default\">Neum\u00e1ticos Gran Via<\/h1>\t\t\t\t<\/div>\n\t\t\t\t<\/div>\n\t\t\t\t<div class=\"elementor-element elementor-element-7e4d523a elementor-widget elementor-widget-eael-breadcrumbs\" data-id=\"7e4d523a\" data-element_type=\"widget\" data-e-type=\"widget\" data-widget_type=\"eael-breadcrumbs.default\">\n\t\t\t\t<div class=\"elementor-widget-container\">\n\t\t\t\t\t\t\t<div class=\"eael-breadcrumbs\">\n\t\t\t<div class=\"eael-breadcrumbs__content\"><a href=\"https:\/\/pneumaticsgranvia.com\/es\/\">Inicio<\/a> <span class=\"eael-breadcrumb-separator\">\/<\/span> <span class = \"eael-current\">P\u00e1gina<\/span><\/div>\t\t<\/div>\n\t\t\t\t\t\t<\/div>\n\t\t\t\t<\/div>\n\t\t\t\t\t<\/div>\n\t\t\t\t<\/div>\n\t\t<div class=\"elementor-element elementor-element-e7bf699 e-flex e-con-boxed wpr-particle-no wpr-jarallax-no wpr-parallax-no wpr-sticky-section-no wpr-equal-height-no e-con e-parent\" data-id=\"e7bf699\" data-element_type=\"container\" data-e-type=\"container\">\n\t\t\t\t\t<div class=\"e-con-inner\">\n\t\t<div class=\"elementor-element elementor-element-3e0d747 e-con-full e-flex wpr-particle-no wpr-jarallax-no wpr-parallax-no wpr-sticky-section-no wpr-equal-height-no e-con e-child\" data-id=\"3e0d747\" data-element_type=\"container\" data-e-type=\"container\">\n\t\t\t\t<div class=\"elementor-element elementor-element-5de9dbe elementor-widget elementor-widget-image\" data-id=\"5de9dbe\" data-element_type=\"widget\" data-e-type=\"widget\" data-widget_type=\"image.default\">\n\t\t\t\t<div class=\"elementor-widget-container\">\n\t\t\t\t\t\t\t\t\t\t\t\t\t\t\t<img fetchpriority=\"high\" decoding=\"async\" width=\"1200\" height=\"900\" src=\"https:\/\/pneumaticsgranvia.com\/wp-content\/uploads\/2025\/04\/IMG_7510.jpg\" class=\"attachment-large size-large wp-image-1364\" alt=\"Pneumatics Gran Via Roses\" srcset=\"https:\/\/pneumaticsgranvia.com\/wp-content\/uploads\/2025\/04\/IMG_7510.jpg 1200w, https:\/\/pneumaticsgranvia.com\/wp-content\/uploads\/2025\/04\/IMG_7510-768x576.jpg 768w\" sizes=\"(max-width: 1200px) 100vw, 1200px\" \/>\t\t\t\t\t\t\t\t\t\t\t\t\t\t\t<\/div>\n\t\t\t\t<\/div>\n\t\t\t\t<\/div>\n\t\t<div class=\"elementor-element elementor-element-b9ded83 e-con-full e-flex wpr-particle-no wpr-jarallax-no wpr-parallax-no wpr-sticky-section-no wpr-equal-height-no e-con e-child\" data-id=\"b9ded83\" data-element_type=\"container\" data-e-type=\"container\">\n\t\t\t\t<div class=\"elementor-element elementor-element-0839a84 elementor-widget-divider--view-line_text elementor-widget-divider--element-align-left elementor-widget elementor-widget-divider\" data-id=\"0839a84\" data-element_type=\"widget\" data-e-type=\"widget\" data-widget_type=\"divider.default\">\n\t\t\t\t<div class=\"elementor-widget-container\">\n\t\t\t\t\t\t\t<div class=\"elementor-divider\">\n\t\t\t<span class=\"elementor-divider-separator\">\n\t\t\t\t\t\t\t<span class=\"elementor-divider__text elementor-divider__element\">\n\t\t\t\tSobre Nosotros\t\t\t\t<\/span>\n\t\t\t\t\t\t<\/span>\n\t\t<\/div>\n\t\t\t\t\t\t<\/div>\n\t\t\t\t<\/div>\n\t\t\t\t<div class=\"elementor-element elementor-element-034bd53 elementor-widget elementor-widget-heading\" data-id=\"034bd53\" data-element_type=\"widget\" data-e-type=\"widget\" data-widget_type=\"heading.default\">\n\t\t\t\t<div class=\"elementor-widget-container\">\n\t\t\t\t\t<h2 class=\"elementor-heading-title elementor-size-default\">Neum\u00e1ticos Gran V\u00eda, tu taller de confianza en Roses<\/h2>\t\t\t\t<\/div>\n\t\t\t\t<\/div>\n\t\t\t\t<div class=\"elementor-element elementor-element-56b068e elementor-widget elementor-widget-text-editor\" data-id=\"56b068e\" data-element_type=\"widget\" data-e-type=\"widget\" data-widget_type=\"text-editor.default\">\n\t\t\t\t<div class=\"elementor-widget-container\">\n\t\t\t\t\t\t\t\t\t<p><strong>Neum\u00e1ticos Gran V\u00eda<\/strong> es el resultado de la fusi\u00f3n de dos talleres con una amplia trayectoria en Roses, Girona: uno especializado en neum\u00e1ticos y otro dedicado a la mec\u00e1nica en general.<\/p><p>Esta uni\u00f3n nos permiti\u00f3 evolucionar hacia un taller multimarca integral, ofreciendo a nuestros clientes un servicio m\u00e1s completo y especializado.<\/p><p>Con <strong>m\u00e1s de 25 a\u00f1os de experiencia<\/strong> en el sector, nos hemos consolidado como un referente en <strong>mec\u00e1nica y neum\u00e1ticos en Roses<\/strong>, gracias a nuestra profesionalidad, compromiso y un trato cercano que nos distingue.<\/p>\t\t\t\t\t\t\t\t<\/div>\n\t\t\t\t<\/div>\n\t\t\t\t<\/div>\n\t\t\t\t\t<\/div>\n\t\t\t\t<\/div>\n\t\t<div class=\"elementor-element elementor-element-346e39a2 e-flex e-con-boxed wpr-particle-no wpr-jarallax-no wpr-parallax-no wpr-sticky-section-no wpr-equal-height-no e-con e-parent\" data-id=\"346e39a2\" data-element_type=\"container\" data-e-type=\"container\">\n\t\t\t\t\t<div class=\"e-con-inner\">\n\t\t<div class=\"elementor-element elementor-element-6bfc576 e-con-full e-flex wpr-particle-no wpr-jarallax-no wpr-parallax-no wpr-sticky-section-no wpr-equal-height-no e-con e-child\" data-id=\"6bfc576\" data-element_type=\"container\" data-e-type=\"container\">\n\t\t\t\t<div class=\"elementor-element elementor-element-2568232c elementor-widget elementor-widget-heading\" data-id=\"2568232c\" data-element_type=\"widget\" data-e-type=\"widget\" data-widget_type=\"heading.default\">\n\t\t\t\t<div class=\"elementor-widget-container\">\n\t\t\t\t\t<h2 class=\"elementor-heading-title elementor-size-default\">Pasi\u00f3n por la mec\u00e1nica y compromiso con nuestros clientes<\/h2>\t\t\t\t<\/div>\n\t\t\t\t<\/div>\n\t\t\t\t<div class=\"elementor-element elementor-element-2a479ee6 elementor-widget elementor-widget-text-editor\" data-id=\"2a479ee6\" data-element_type=\"widget\" data-e-type=\"widget\" data-widget_type=\"text-editor.default\">\n\t\t\t\t<div class=\"elementor-widget-container\">\n\t\t\t\t\t\t\t\t\t<p>Somos profesionales autodidactas del mundo del neum\u00e1tico y la mec\u00e1nica, con una verdadera vocaci\u00f3n por este sector.<\/p><p>Desde nuestros inicios, apostamos por la formaci\u00f3n continua y la innovaci\u00f3n, adapt\u00e1ndonos a las \u00faltimas tecnolog\u00edas para ofrecer un servicio de m\u00e1xima calidad en <strong>mec\u00e1nica, neum\u00e1ticos, alineado de direcci\u00f3n, bater\u00edas, amortiguadores, aire acondicionado y revisiones pre ITV<\/strong>, entre otros.<\/p><p>Lo que realmente nos diferencia es nuestro trato directo y personalizado. No subcontratamos servicios, lo que nos permite garantizar un control total sobre cada reparaci\u00f3n y mantenimiento, asegurando los mejores resultados para cada veh\u00edculo.<\/p>\t\t\t\t\t\t\t\t<\/div>\n\t\t\t\t<\/div>\n\t\t\t\t<\/div>\n\t\t<div class=\"elementor-element elementor-element-778f64e2 e-con-full e-flex wpr-particle-no wpr-jarallax-no wpr-parallax-no wpr-sticky-section-no wpr-equal-height-no e-con e-child\" data-id=\"778f64e2\" data-element_type=\"container\" data-e-type=\"container\">\n\t\t\t\t<div class=\"elementor-element elementor-element-8556082 elementor-widget elementor-widget-image\" data-id=\"8556082\" data-element_type=\"widget\" data-e-type=\"widget\" data-widget_type=\"image.default\">\n\t\t\t\t<div class=\"elementor-widget-container\">\n\t\t\t\t\t\t\t\t\t\t\t\t\t\t\t<img decoding=\"async\" width=\"1200\" height=\"900\" src=\"https:\/\/pneumaticsgranvia.com\/wp-content\/uploads\/2025\/03\/granvia-18.jpg\" class=\"attachment-large size-large wp-image-872\" alt=\"Pneumatics Gran Via Roses - Servicios de Mec\u00e1nica en Roses\" srcset=\"https:\/\/pneumaticsgranvia.com\/wp-content\/uploads\/2025\/03\/granvia-18.jpg 1200w, https:\/\/pneumaticsgranvia.com\/wp-content\/uploads\/2025\/03\/granvia-18-768x576.jpg 768w\" sizes=\"(max-width: 1200px) 100vw, 1200px\" \/>\t\t\t\t\t\t\t\t\t\t\t\t\t\t\t<\/div>\n\t\t\t\t<\/div>\n\t\t\t\t<\/div>\n\t\t\t\t\t<\/div>\n\t\t\t\t<\/div>\n\t\t<div class=\"elementor-element elementor-element-5abf8d3f e-flex e-con-boxed wpr-particle-no wpr-jarallax-no wpr-parallax-no wpr-sticky-section-no wpr-equal-height-no e-con e-parent\" data-id=\"5abf8d3f\" data-element_type=\"container\" data-e-type=\"container\">\n\t\t\t\t\t<div class=\"e-con-inner\">\n\t\t<div class=\"elementor-element elementor-element-2935f3de e-con-full e-flex wpr-particle-no wpr-jarallax-no wpr-parallax-no wpr-sticky-section-no wpr-equal-height-no e-con e-child\" data-id=\"2935f3de\" data-element_type=\"container\" data-e-type=\"container\">\n\t\t\t\t<div class=\"elementor-element elementor-element-6238405 elementor-widget elementor-widget-image\" data-id=\"6238405\" data-element_type=\"widget\" data-e-type=\"widget\" data-widget_type=\"image.default\">\n\t\t\t\t<div class=\"elementor-widget-container\">\n\t\t\t\t\t\t\t\t\t\t\t\t\t\t\t<img decoding=\"async\" width=\"1200\" height=\"900\" src=\"https:\/\/pneumaticsgranvia.com\/wp-content\/uploads\/2025\/03\/IMG_9758.jpg\" class=\"attachment-large size-large wp-image-883\" alt=\"Pneumatics Gran Via Roses\" srcset=\"https:\/\/pneumaticsgranvia.com\/wp-content\/uploads\/2025\/03\/IMG_9758.jpg 1200w, https:\/\/pneumaticsgranvia.com\/wp-content\/uploads\/2025\/03\/IMG_9758-768x576.jpg 768w\" sizes=\"(max-width: 1200px) 100vw, 1200px\" \/>\t\t\t\t\t\t\t\t\t\t\t\t\t\t\t<\/div>\n\t\t\t\t<\/div>\n\t\t\t\t<\/div>\n\t\t<div class=\"elementor-element elementor-element-7d0f29a2 e-con-full e-flex wpr-particle-no wpr-jarallax-no wpr-parallax-no wpr-sticky-section-no wpr-equal-height-no e-con e-child\" data-id=\"7d0f29a2\" data-element_type=\"container\" data-e-type=\"container\">\n\t\t\t\t<div class=\"elementor-element elementor-element-34693b9f elementor-widget elementor-widget-heading\" data-id=\"34693b9f\" data-element_type=\"widget\" data-e-type=\"widget\" data-widget_type=\"heading.default\">\n\t\t\t\t<div class=\"elementor-widget-container\">\n\t\t\t\t\t<h3 class=\"elementor-heading-title elementor-size-default\">M\u00e1s de 20 a\u00f1os al servicio de Roses y la Costa Brava<\/h3>\t\t\t\t<\/div>\n\t\t\t\t<\/div>\n\t\t\t\t<div class=\"elementor-element elementor-element-5e9213f8 elementor-widget elementor-widget-text-editor\" data-id=\"5e9213f8\" data-element_type=\"widget\" data-e-type=\"widget\" data-widget_type=\"text-editor.default\">\n\t\t\t\t<div class=\"elementor-widget-container\">\n\t\t\t\t\t\t\t\t\t<p>El compromiso con la comunidad de <strong>Roses<\/strong> y la <strong>Costa Brava<\/strong> es inquebrantable. Durante m\u00e1s de dos d\u00e9cadas, hemos construido relaciones de confianza con nuestros clientes, quienes valoran no solo nuestra experiencia, sino tambi\u00e9n nuestra transparencia y cercan\u00eda.<\/p><p>Gracias al esfuerzo y dedicaci\u00f3n, somos uno de los <strong>talleres mejor valorados de Roses, Girona<\/strong>, y trabajamos d\u00eda a d\u00eda para seguir ofreciendo el mejor servicio posible.<\/p>\t\t\t\t\t\t\t\t<\/div>\n\t\t\t\t<\/div>\n\t\t\t\t<div class=\"elementor-element elementor-element-bea82b7 elementor-widget elementor-widget-heading\" data-id=\"bea82b7\" data-element_type=\"widget\" data-e-type=\"widget\" data-widget_type=\"heading.default\">\n\t\t\t\t<div class=\"elementor-widget-container\">\n\t\t\t\t\t<h3 class=\"elementor-heading-title elementor-size-default\">\"Si buscas un taller de confianza para el mantenimiento y reparaci\u00f3n de tu coche, en Pneum\u00e0tics Gran V\u00eda te esperamos con un equipo de expertos dispuestos a ayudarte.\"<\/h3>\t\t\t\t<\/div>\n\t\t\t\t<\/div>\n\t\t\t\t<\/div>\n\t\t\t\t\t<\/div>\n\t\t\t\t<\/div>\n\t\t\t\t<\/div>\n\t\t","protected":false},"excerpt":{"rendered":"<p>Neum\u00e1ticos Gran Via Inicio \/ P\u00e0gina Sobre Nosotros Neum\u00e1ticos Gran V\u00eda, tu taller de confianza en Roses Neum\u00e1ticos Gran V\u00eda<\/p>\n","protected":false},"author":1,"featured_media":0,"parent":0,"menu_order":0,"comment_status":"closed","ping_status":"closed","template":"","meta":{"_monsterinsights_skip_tracking":false,"_monsterinsights_sitenote_active":false,"_monsterinsights_sitenote_note":"","_monsterinsights_sitenote_category":0,"site-sidebar-layout":"no-sidebar","site-content-layout":"","ast-site-content-layout":"full-width-container","site-content-style":"default","site-sidebar-style":"default","ast-global-header-display":"","ast-banner-title-visibility":"","ast-main-header-display":"","ast-hfb-above-header-display":"","ast-hfb-below-header-display":"","ast-hfb-mobile-header-display":"","site-post-title":"disabled","ast-breadcrumbs-content":"","ast-featured-img":"disabled","footer-sml-layout":"","ast-disable-related-posts":"","theme-transparent-header-meta":"default","adv-header-id-meta":"","stick-header-meta":"default","header-above-stick-meta":"","header-main-stick-meta":"","header-below-stick-meta":"","astra-migrate-meta-layouts":"set","ast-page-background-enabled":"default","ast-page-background-meta":{"desktop":{"background-color":"var(--ast-global-color-5)","background-image":"","background-repeat":"repeat","background-position":"center center","background-size":"auto","background-attachment":"scroll","background-type":"","background-media":"","overlay-type":"","overlay-color":"","overlay-opacity":"","overlay-gradient":""},"tablet":{"background-color":"","background-image":"","background-repeat":"repeat","background-position":"center center","background-size":"auto","background-attachment":"scroll","background-type":"","background-media":"","overlay-type":"","overlay-color":"","overlay-opacity":"","overlay-gradient":""},"mobile":{"background-color":"","background-image":"","background-repeat":"repeat","background-position":"center center","background-size":"auto","background-attachment":"scroll","background-type":"","background-media":"","overlay-type":"","overlay-color":"","overlay-opacity":"","overlay-gradient":""}},"ast-content-background-meta":{"desktop":{"background-color":"var(--ast-global-color-4)","background-image":"","background-repeat":"repeat","background-position":"center center","background-size":"auto","background-attachment":"scroll","background-type":"","background-media":"","overlay-type":"","overlay-color":"","overlay-opacity":"","overlay-gradient":""},"tablet":{"background-color":"var(--ast-global-color-4)","background-image":"","background-repeat":"repeat","background-position":"center center","background-size":"auto","background-attachment":"scroll","background-type":"","background-media":"","overlay-type":"","overlay-color":"","overlay-opacity":"","overlay-gradient":""},"mobile":{"background-color":"var(--ast-global-color-4)","background-image":"","background-repeat":"repeat","background-position":"center center","background-size":"auto","background-attachment":"scroll","background-type":"","background-media":"","overlay-type":"","overlay-color":"","overlay-opacity":"","overlay-gradient":""}},"footnotes":""},"class_list":["post-14","page","type-page","status-publish","hentry"],"yoast_head":"<!-- This site is optimized with the Yoast SEO plugin v27.5 - https:\/\/yoast.com\/product\/yoast-seo-wordpress\/ -->\n<title>Sobre nosotros - Neum\u00e1ticos Gran Via en Roses<\/title>\n<meta name=\"description\" content=\"Neum\u00e1ticos Gran V\u00eda, tu taller de confianza en Roses, Girona. Con m\u00e1s de 25 a\u00f1os de experiencia en el sector.\" \/>\n<meta name=\"robots\" content=\"index, follow, max-snippet:-1, max-image-preview:large, max-video-preview:-1\" \/>\n<link rel=\"canonical\" href=\"https:\/\/pneumaticsgranvia.com\/es\/sobre-nosotros\/\" \/>\n<meta property=\"og:locale\" content=\"es_ES\" \/>\n<meta property=\"og:type\" content=\"article\" \/>\n<meta property=\"og:title\" content=\"Sobre nosotros - Neum\u00e1ticos Gran Via en Roses\" \/>\n<meta property=\"og:description\" content=\"Neum\u00e1ticos Gran V\u00eda, tu taller de confianza en Roses, Girona. Con m\u00e1s de 25 a\u00f1os de experiencia en el sector.\" \/>\n<meta property=\"og:url\" content=\"https:\/\/pneumaticsgranvia.com\/es\/sobre-nosotros\/\" \/>\n<meta property=\"og:site_name\" content=\"Pneum\u00e0tics Gran Via\" \/>\n<meta property=\"article:publisher\" content=\"https:\/\/www.facebook.com\/pneumatics.granvia\" \/>\n<meta property=\"article:modified_time\" content=\"2025-04-28T08:18:43+00:00\" \/>\n<meta property=\"og:image\" content=\"https:\/\/pneumaticsgranvia.com\/wp-content\/uploads\/2025\/04\/IMG_7510.jpg\" \/>\n\t<meta property=\"og:image:width\" content=\"1200\" \/>\n\t<meta property=\"og:image:height\" content=\"900\" \/>\n\t<meta property=\"og:image:type\" content=\"image\/jpeg\" \/>\n<meta name=\"twitter:card\" content=\"summary_large_image\" \/>\n<meta name=\"twitter:label1\" content=\"Tiempo de lectura\" \/>\n\t<meta name=\"twitter:data1\" content=\"3 minutos\" \/>\n<script type=\"application\/ld+json\" class=\"yoast-schema-graph\">{\"@context\":\"https:\\\/\\\/schema.org\",\"@graph\":[{\"@type\":\"WebPage\",\"@id\":\"https:\\\/\\\/pneumaticsgranvia.com\\\/es\\\/sobre-nosotros\\\/\",\"url\":\"https:\\\/\\\/pneumaticsgranvia.com\\\/es\\\/sobre-nosotros\\\/\",\"name\":\"Sobre nosotros - Neum\u00e1ticos Gran Via en Roses\",\"isPartOf\":{\"@id\":\"https:\\\/\\\/pneumaticsgranvia.com\\\/#website\"},\"primaryImageOfPage\":{\"@id\":\"https:\\\/\\\/pneumaticsgranvia.com\\\/es\\\/sobre-nosotros\\\/#primaryimage\"},\"image\":{\"@id\":\"https:\\\/\\\/pneumaticsgranvia.com\\\/es\\\/sobre-nosotros\\\/#primaryimage\"},\"thumbnailUrl\":\"https:\\\/\\\/pneumaticsgranvia.com\\\/wp-content\\\/uploads\\\/2025\\\/04\\\/IMG_7510.jpg\",\"datePublished\":\"2025-01-30T12:57:33+00:00\",\"dateModified\":\"2025-04-28T08:18:43+00:00\",\"description\":\"Neum\u00e1ticos Gran V\u00eda, tu taller de confianza en Roses, Girona. Con m\u00e1s de 25 a\u00f1os de experiencia en el sector.\",\"breadcrumb\":{\"@id\":\"https:\\\/\\\/pneumaticsgranvia.com\\\/es\\\/sobre-nosotros\\\/#breadcrumb\"},\"inLanguage\":\"es\",\"potentialAction\":[{\"@type\":\"ReadAction\",\"target\":[\"https:\\\/\\\/pneumaticsgranvia.com\\\/es\\\/sobre-nosotros\\\/\"]}]},{\"@type\":\"ImageObject\",\"inLanguage\":\"es\",\"@id\":\"https:\\\/\\\/pneumaticsgranvia.com\\\/es\\\/sobre-nosotros\\\/#primaryimage\",\"url\":\"https:\\\/\\\/pneumaticsgranvia.com\\\/wp-content\\\/uploads\\\/2025\\\/04\\\/IMG_7510.jpg\",\"contentUrl\":\"https:\\\/\\\/pneumaticsgranvia.com\\\/wp-content\\\/uploads\\\/2025\\\/04\\\/IMG_7510.jpg\"},{\"@type\":\"BreadcrumbList\",\"@id\":\"https:\\\/\\\/pneumaticsgranvia.com\\\/es\\\/sobre-nosotros\\\/#breadcrumb\",\"itemListElement\":[{\"@type\":\"ListItem\",\"position\":1,\"name\":\"Portada\",\"item\":\"https:\\\/\\\/pneumaticsgranvia.com\\\/es\\\/\"},{\"@type\":\"ListItem\",\"position\":2,\"name\":\"Sobre nosotros\"}]},{\"@type\":\"WebSite\",\"@id\":\"https:\\\/\\\/pneumaticsgranvia.com\\\/#website\",\"url\":\"https:\\\/\\\/pneumaticsgranvia.com\\\/\",\"name\":\"Pneum\u00e0tics Gran Via\",\"description\":\"\",\"publisher\":{\"@id\":\"https:\\\/\\\/pneumaticsgranvia.com\\\/#organization\"},\"potentialAction\":[{\"@type\":\"SearchAction\",\"target\":{\"@type\":\"EntryPoint\",\"urlTemplate\":\"https:\\\/\\\/pneumaticsgranvia.com\\\/?s={search_term_string}\"},\"query-input\":{\"@type\":\"PropertyValueSpecification\",\"valueRequired\":true,\"valueName\":\"search_term_string\"}}],\"inLanguage\":\"es\"},{\"@type\":\"Organization\",\"@id\":\"https:\\\/\\\/pneumaticsgranvia.com\\\/#organization\",\"name\":\"Pneum\u00e0tics Gran Via\",\"url\":\"https:\\\/\\\/pneumaticsgranvia.com\\\/\",\"logo\":{\"@type\":\"ImageObject\",\"inLanguage\":\"es\",\"@id\":\"https:\\\/\\\/pneumaticsgranvia.com\\\/#\\\/schema\\\/logo\\\/image\\\/\",\"url\":\"https:\\\/\\\/pneumaticsgranvia.com\\\/wp-content\\\/uploads\\\/2025\\\/01\\\/logo.png\",\"contentUrl\":\"https:\\\/\\\/pneumaticsgranvia.com\\\/wp-content\\\/uploads\\\/2025\\\/01\\\/logo.png\",\"width\":300,\"height\":145,\"caption\":\"Pneum\u00e0tics Gran Via\"},\"image\":{\"@id\":\"https:\\\/\\\/pneumaticsgranvia.com\\\/#\\\/schema\\\/logo\\\/image\\\/\"},\"sameAs\":[\"https:\\\/\\\/www.facebook.com\\\/pneumatics.granvia\",\"https:\\\/\\\/www.instagram.com\\\/pneumatics.granvia\\\/\"]}]}<\/script>\n<!-- \/ Yoast SEO plugin. -->","yoast_head_json":{"title":"Sobre nosotros - Neum\u00e1ticos Gran Via en Roses","description":"Neum\u00e1ticos Gran V\u00eda, tu taller de confianza en Roses, Girona. Con m\u00e1s de 25 a\u00f1os de experiencia en el sector.","robots":{"index":"index","follow":"follow","max-snippet":"max-snippet:-1","max-image-preview":"max-image-preview:large","max-video-preview":"max-video-preview:-1"},"canonical":"https:\/\/pneumaticsgranvia.com\/es\/sobre-nosotros\/","og_locale":"es_ES","og_type":"article","og_title":"Sobre nosotros - Neum\u00e1ticos Gran Via en Roses","og_description":"Neum\u00e1ticos Gran V\u00eda, tu taller de confianza en Roses, Girona. Con m\u00e1s de 25 a\u00f1os de experiencia en el sector.","og_url":"https:\/\/pneumaticsgranvia.com\/es\/sobre-nosotros\/","og_site_name":"Pneum\u00e0tics Gran Via","article_publisher":"https:\/\/www.facebook.com\/pneumatics.granvia","article_modified_time":"2025-04-28T08:18:43+00:00","og_image":[{"width":1200,"height":900,"url":"https:\/\/pneumaticsgranvia.com\/wp-content\/uploads\/2025\/04\/IMG_7510.jpg","type":"image\/jpeg"}],"twitter_card":"summary_large_image","twitter_misc":{"Tiempo de lectura":"3 minutos"},"schema":{"@context":"https:\/\/schema.org","@graph":[{"@type":"WebPage","@id":"https:\/\/pneumaticsgranvia.com\/es\/sobre-nosotros\/","url":"https:\/\/pneumaticsgranvia.com\/es\/sobre-nosotros\/","name":"Sobre nosotros - Neum\u00e1ticos Gran Via en Roses","isPartOf":{"@id":"https:\/\/pneumaticsgranvia.com\/#website"},"primaryImageOfPage":{"@id":"https:\/\/pneumaticsgranvia.com\/es\/sobre-nosotros\/#primaryimage"},"image":{"@id":"https:\/\/pneumaticsgranvia.com\/es\/sobre-nosotros\/#primaryimage"},"thumbnailUrl":"https:\/\/pneumaticsgranvia.com\/wp-content\/uploads\/2025\/04\/IMG_7510.jpg","datePublished":"2025-01-30T12:57:33+00:00","dateModified":"2025-04-28T08:18:43+00:00","description":"Neum\u00e1ticos Gran V\u00eda, tu taller de confianza en Roses, Girona. Con m\u00e1s de 25 a\u00f1os de experiencia en el sector.","breadcrumb":{"@id":"https:\/\/pneumaticsgranvia.com\/es\/sobre-nosotros\/#breadcrumb"},"inLanguage":"es","potentialAction":[{"@type":"ReadAction","target":["https:\/\/pneumaticsgranvia.com\/es\/sobre-nosotros\/"]}]},{"@type":"ImageObject","inLanguage":"es","@id":"https:\/\/pneumaticsgranvia.com\/es\/sobre-nosotros\/#primaryimage","url":"https:\/\/pneumaticsgranvia.com\/wp-content\/uploads\/2025\/04\/IMG_7510.jpg","contentUrl":"https:\/\/pneumaticsgranvia.com\/wp-content\/uploads\/2025\/04\/IMG_7510.jpg"},{"@type":"BreadcrumbList","@id":"https:\/\/pneumaticsgranvia.com\/es\/sobre-nosotros\/#breadcrumb","itemListElement":[{"@type":"ListItem","position":1,"name":"Portada","item":"https:\/\/pneumaticsgranvia.com\/es\/"},{"@type":"ListItem","position":2,"name":"Sobre nosotros"}]},{"@type":"WebSite","@id":"https:\/\/pneumaticsgranvia.com\/#website","url":"https:\/\/pneumaticsgranvia.com\/","name":"Pneum\u00e0tics Gran Via","description":"","publisher":{"@id":"https:\/\/pneumaticsgranvia.com\/#organization"},"potentialAction":[{"@type":"SearchAction","target":{"@type":"EntryPoint","urlTemplate":"https:\/\/pneumaticsgranvia.com\/?s={search_term_string}"},"query-input":{"@type":"PropertyValueSpecification","valueRequired":true,"valueName":"search_term_string"}}],"inLanguage":"es"},{"@type":"Organization","@id":"https:\/\/pneumaticsgranvia.com\/#organization","name":"Pneum\u00e0tics Gran Via","url":"https:\/\/pneumaticsgranvia.com\/","logo":{"@type":"ImageObject","inLanguage":"es","@id":"https:\/\/pneumaticsgranvia.com\/#\/schema\/logo\/image\/","url":"https:\/\/pneumaticsgranvia.com\/wp-content\/uploads\/2025\/01\/logo.png","contentUrl":"https:\/\/pneumaticsgranvia.com\/wp-content\/uploads\/2025\/01\/logo.png","width":300,"height":145,"caption":"Pneum\u00e0tics Gran Via"},"image":{"@id":"https:\/\/pneumaticsgranvia.com\/#\/schema\/logo\/image\/"},"sameAs":["https:\/\/www.facebook.com\/pneumatics.granvia","https:\/\/www.instagram.com\/pneumatics.granvia\/"]}]}},"_links":{"self":[{"href":"https:\/\/pneumaticsgranvia.com\/es\/wp-json\/wp\/v2\/pages\/14","targetHints":{"allow":["GET"]}}],"collection":[{"href":"https:\/\/pneumaticsgranvia.com\/es\/wp-json\/wp\/v2\/pages"}],"about":[{"href":"https:\/\/pneumaticsgranvia.com\/es\/wp-json\/wp\/v2\/types\/page"}],"author":[{"embeddable":true,"href":"https:\/\/pneumaticsgranvia.com\/es\/wp-json\/wp\/v2\/users\/1"}],"replies":[{"embeddable":true,"href":"https:\/\/pneumaticsgranvia.com\/es\/wp-json\/wp\/v2\/comments?post=14"}],"version-history":[{"count":27,"href":"https:\/\/pneumaticsgranvia.com\/es\/wp-json\/wp\/v2\/pages\/14\/revisions"}],"predecessor-version":[{"id":1389,"href":"https:\/\/pneumaticsgranvia.com\/es\/wp-json\/wp\/v2\/pages\/14\/revisions\/1389"}],"wp:attachment":[{"href":"https:\/\/pneumaticsgranvia.com\/es\/wp-json\/wp\/v2\/media?parent=14"}],"curies":[{"name":"wp","href":"https:\/\/api.w.org\/{rel}","templated":true}]}}